{"id":2960,"date":"2022-10-06T09:18:49","date_gmt":"2022-10-06T13:18:49","guid":{"rendered":"https:\/\/synergielaurentides.ca\/strategie-regionale-en-economie-circulaire\/"},"modified":"2022-11-09T17:10:26","modified_gmt":"2022-11-09T22:10:26","slug":"strategie-regionale-en-economie-circulaire","status":"publish","type":"page","link":"https:\/\/synergielaurentides.ca\/en\/strategie-regionale-en-economie-circulaire\/","title":{"rendered":"Strat\u00e9gie r\u00e9gionale en \u00e9conomie circulaire"},"content":{"rendered":"[vc_row type=&#8221;full_width_background&#8221; full_screen_row_position=&#8221;middle&#8221; column_margin=&#8221;default&#8221; equal_height=&#8221;yes&#8221; column_direction=&#8221;default&#8221; column_direction_tablet=&#8221;default&#8221; column_direction_phone=&#8221;default&#8221; bg_image=&#8221;1868&#8243; bg_position=&#8221;center center&#8221; background_image_loading=&#8221;default&#8221; bg_repeat=&#8221;no-repeat&#8221; scene_position=&#8221;center&#8221; top_padding=&#8221;10%&#8221; constrain_group_1=&#8221;yes&#8221; bottom_padding=&#8221;10%&#8221; top_padding_tablet=&#8221;20%&#8221; bottom_padding_tablet=&#8221;25%&#8221; text_color=&#8221;light&#8221; text_align=&#8221;left&#8221; row_border_radius=&#8221;none&#8221; row_border_radius_applies=&#8221;bg&#8221; overflow=&#8221;visible&#8221; color_overlay=&#8221;rgba(0,0,0,0.73)&#8221; advanced_gradient_angle=&#8221;0&#8243; overlay_strength=&#8221;0.95&#8243; gradient_direction=&#8221;left_to_right&#8221; shape_divider_position=&#8221;bottom&#8221; bg_image_animation=&#8221;none&#8221; parallax_bg=&#8221;true&#8221; parallax_bg_speed=&#8221;fast&#8221; shape_type=&#8221;curve&#8221; gradient_type=&#8221;default&#8221;][vc_column column_padding=&#8221;no-extra-padding&#8221; column_padding_tablet=&#8221;inherit&#8221; column_padding_phone=&#8221;inherit&#8221; column_padding_position=&#8221;all&#8221; column_element_spacing=&#8221;default&#8221; centered_text=&#8221;true&#8221; background_color_opacity=&#8221;1&#8243; background_hover_color_opacity=&#8221;1&#8243; column_shadow=&#8221;none&#8221; column_border_radius=&#8221;none&#8221; column_link_target=&#8221;_self&#8221; column_position=&#8221;default&#8221; gradient_direction=&#8221;left_to_right&#8221; overlay_strength=&#8221;0.3&#8243; width=&#8221;1\/1&#8243; tablet_width_inherit=&#8221;default&#8221; tablet_text_alignment=&#8221;default&#8221; phone_text_alignment=&#8221;default&#8221; animation_type=&#8221;default&#8221; bg_image_animation=&#8221;none&#8221; border_type=&#8221;simple&#8221; column_border_width=&#8221;none&#8221; column_border_style=&#8221;solid&#8221;][vc_row_inner column_margin=&#8221;none&#8221; column_direction=&#8221;default&#8221; column_direction_tablet=&#8221;default&#8221; column_direction_phone=&#8221;default&#8221; bottom_padding=&#8221;60&#8243; bottom_padding_tablet=&#8221;20&#8243; text_align=&#8221;left&#8221; row_position=&#8221;default&#8221; row_position_tablet=&#8221;inherit&#8221; row_position_phone=&#8221;inherit&#8221; overflow=&#8221;visible&#8221; pointer_events=&#8221;all&#8221;][vc_column_inner column_padding=&#8221;no-extra-padding&#8221; column_padding_tablet=&#8221;inherit&#8221; column_padding_phone=&#8221;inherit&#8221; column_padding_position=&#8221;all&#8221; column_element_spacing=&#8221;default&#8221; background_color_opacity=&#8221;1&#8243; background_hover_color_opacity=&#8221;1&#8243; column_shadow=&#8221;none&#8221; column_border_radius=&#8221;none&#8221; column_link_target=&#8221;_self&#8221; gradient_direction=&#8221;left_to_right&#8221; overlay_strength=&#8221;0.3&#8243; width=&#8221;1\/1&#8243; tablet_width_inherit=&#8221;default&#8221; animation_type=&#8221;default&#8221; enable_animation=&#8221;true&#8221; animation=&#8221;fade-in-from-bottom&#8221; bg_image_animation=&#8221;none&#8221; border_type=&#8221;simple&#8221; column_border_width=&#8221;none&#8221; column_border_style=&#8221;solid&#8221;][nectar_highlighted_text color_type=&#8221;regular&#8221; highlight_color=&#8221;#000000&#8243; text_color=&#8221;#ffffff&#8221; style=&#8221;half_text&#8221; custom_font_size=&#8221;10vh&#8221; delay=&#8221;200&#8243;]\n<h1>Strat\u00e9gie r\u00e9gionale en <em>\u00e9conomie circulaire<\/em><\/h1>\n[\/nectar_highlighted_text][\/vc_column_inner][\/vc_row_inner][vc_row_inner column_margin=&#8221;default&#8221; column_direction=&#8221;default&#8221; column_direction_tablet=&#8221;default&#8221; column_direction_phone=&#8221;default&#8221; text_align=&#8221;left&#8221; row_position=&#8221;default&#8221; row_position_tablet=&#8221;inherit&#8221; row_position_phone=&#8221;inherit&#8221; overflow=&#8221;visible&#8221; pointer_events=&#8221;all&#8221;][vc_column_inner column_padding=&#8221;no-extra-padding&#8221; column_padding_tablet=&#8221;inherit&#8221; column_padding_phone=&#8221;inherit&#8221; column_padding_position=&#8221;all&#8221; column_element_spacing=&#8221;default&#8221; background_color_opacity=&#8221;1&#8243; background_hover_color_opacity=&#8221;1&#8243; column_shadow=&#8221;none&#8221; column_border_radius=&#8221;none&#8221; column_link_target=&#8221;_self&#8221; gradient_direction=&#8221;left_to_right&#8221; overlay_strength=&#8221;0.3&#8243; width=&#8221;1\/1&#8243; tablet_width_inherit=&#8221;default&#8221; animation_type=&#8221;default&#8221; enable_animation=&#8221;true&#8221; animation=&#8221;fade-in-from-bottom&#8221; bg_image_animation=&#8221;none&#8221; border_type=&#8221;simple&#8221; column_border_width=&#8221;none&#8221; column_border_style=&#8221;solid&#8221; delay=&#8221;600&#8243;][nectar_cta btn_style=&#8221;next-section&#8221; btn_type=&#8221;minimal-arrow&#8221; next_section_color=&#8221;#f8eadc&#8221; alignment=&#8221;center&#8221; alignment_tablet=&#8221;default&#8221; alignment_phone=&#8221;default&#8221; display_tablet=&#8221;inherit&#8221; display_phone=&#8221;inherit&#8221;][\/vc_column_inner][\/vc_row_inner][\/vc_column][\/vc_row][vc_row type=&#8221;full_width_background&#8221; full_screen_row_position=&#8221;middle&#8221; column_margin=&#8221;default&#8221; equal_height=&#8221;yes&#8221; content_placement=&#8221;top&#8221; column_direction=&#8221;default&#8221; column_direction_tablet=&#8221;default&#8221; column_direction_phone=&#8221;default&#8221; scene_position=&#8221;center&#8221; top_padding=&#8221;6%&#8221; bottom_padding=&#8221;6%&#8221; text_color=&#8221;dark&#8221; text_align=&#8221;left&#8221; row_border_radius=&#8221;none&#8221; row_border_radius_applies=&#8221;bg&#8221; overflow=&#8221;visible&#8221; id=&#8221;municipalites&#8221; advanced_gradient_angle=&#8221;0&#8243; overlay_strength=&#8221;0.3&#8243; gradient_direction=&#8221;left_to_right&#8221; shape_divider_position=&#8221;bottom&#8221; bg_image_animation=&#8221;none&#8221; shape_type=&#8221;&#8221; gradient_type=&#8221;default&#8221;][vc_column column_padding=&#8221;padding-2-percent&#8221; column_padding_tablet=&#8221;inherit&#8221; column_padding_phone=&#8221;inherit&#8221; column_padding_position=&#8221;right&#8221; column_element_spacing=&#8221;default&#8221; background_color_opacity=&#8221;1&#8243; background_hover_color_opacity=&#8221;1&#8243; column_shadow=&#8221;none&#8221; column_border_radius=&#8221;none&#8221; column_link_target=&#8221;_self&#8221; column_position=&#8221;default&#8221; gradient_direction=&#8221;left_to_right&#8221; overlay_strength=&#8221;0.3&#8243; width=&#8221;1\/2&#8243; tablet_width_inherit=&#8221;default&#8221; tablet_text_alignment=&#8221;default&#8221; phone_text_alignment=&#8221;default&#8221; animation_type=&#8221;default&#8221; bg_image_animation=&#8221;none&#8221; border_type=&#8221;simple&#8221; column_border_width=&#8221;none&#8221; column_border_style=&#8221;solid&#8221;][vc_column_text css_animation=&#8221;fadeInDown&#8221; css=&#8221;.vc_custom_1665063958401{margin-bottom: 30px !important;}&#8221;]\n<h2>Se positionnant en tant que gestionnaire d\u2019initiatives structurantes pour la r\u00e9gion,<\/h2>\n[\/vc_column_text][vc_column_text css_animation=&#8221;none&#8221; css=&#8221;.vc_custom_1668012364812{margin-bottom: 40px !important;}&#8221; max_width=&#8221;550&#8243;](This content is available in french only)<\/p>\n<p>Synergie \u00c9conomique Laurentides souhaite jouer le r\u00f4le de rassembleur aupr\u00e8s des acteurs actifs en \u00e9conomie circulaire dans les Laurentides afin de multiplier les retomb\u00e9es positives. Ainsi, au courant de l\u2019ann\u00e9e 2023, Synergie \u00c9conomique Laurentides mobilise les parties prenantes, collecte les donn\u00e9es sur les acteurs et les projets et initiatives actuels, d\u00e9veloppe un plan d\u2019action et des pistes de d\u00e9veloppement ainsi que des outils communicationnels pour favoriser une meilleure connaissance des diff\u00e9rentes strat\u00e9gies d\u2019\u00e9conomie circulaire.[\/vc_column_text][nectar_btn size=&#8221;jumbo&#8221; button_style=&#8221;see-through-2&#8243; hover_color_override=&#8221;#333333&#8243; hover_text_color_override=&#8221;#ffffff&#8221; icon_family=&#8221;default_arrow&#8221; text=&#8221;Contact us&#8221; margin_top=&#8221;20&#8243; margin_bottom=&#8221;20&#8243; url=&#8221;https:\/\/synergielaurentides.ca\/en\/contact-us\/&#8221; css_animation=&#8221;fadeInDown&#8221;][\/vc_column][vc_column column_padding=&#8221;padding-4-percent&#8221; column_padding_tablet=&#8221;inherit&#8221; column_padding_phone=&#8221;inherit&#8221; column_padding_position=&#8221;all&#8221; column_element_spacing=&#8221;default&#8221; background_color_opacity=&#8221;1&#8243; background_hover_color_opacity=&#8221;1&#8243; column_shadow=&#8221;none&#8221; column_border_radius=&#8221;none&#8221; column_link_target=&#8221;_self&#8221; column_position=&#8221;default&#8221; advanced_gradient_angle=&#8221;0&#8243; gradient_direction=&#8221;left_to_right&#8221; overlay_strength=&#8221;0.3&#8243; width=&#8221;1\/2&#8243; tablet_width_inherit=&#8221;default&#8221; tablet_text_alignment=&#8221;default&#8221; phone_text_alignment=&#8221;default&#8221; animation_type=&#8221;default&#8221; bg_image_animation=&#8221;none&#8221; border_type=&#8221;simple&#8221; column_border_width=&#8221;none&#8221; column_border_style=&#8221;solid&#8221; gradient_type=&#8221;default&#8221;][image_with_animation image_url=&#8221;1824&#8243; image_size=&#8221;full&#8221; animation_type=&#8221;entrance&#8221; animation=&#8221;Fade In From Right&#8221; hover_animation=&#8221;zoom&#8221; alignment=&#8221;&#8221; border_radius=&#8221;10px&#8221; box_shadow=&#8221;none&#8221; image_loading=&#8221;default&#8221; max_width=&#8221;125%&#8221; max_width_mobile=&#8221;default&#8221;][\/vc_column][\/vc_row]\n","protected":false},"excerpt":{"rendered":"<p>[vc_row type=&#8221;full_width_background&#8221; full_screen_row_position=&#8221;middle&#8221; column_margin=&#8221;default&#8221; equal_height=&#8221;yes&#8221; column_direction=&#8221;default&#8221; column_direction_tablet=&#8221;default&#8221; column_direction_phone=&#8221;default&#8221; bg_image=&#8221;1868&#8243; bg_position=&#8221;center center&#8221; background_image_loading=&#8221;default&#8221; bg_repeat=&#8221;no-repeat&#8221; scene_position=&#8221;center&#8221; top_padding=&#8221;10%&#8221; constrain_group_1=&#8221;yes&#8221; bottom_padding=&#8221;10%&#8221; top_padding_tablet=&#8221;20%&#8221; bottom_padding_tablet=&#8221;25%&#8221; text_color=&#8221;light&#8221; text_align=&#8221;left&#8221; row_border_radius=&#8221;none&#8221; row_border_radius_applies=&#8221;bg&#8221; overflow=&#8221;visible&#8221; color_overlay=&#8221;rgba(0,0,0,0.73)&#8221; advanced_gradient_angle=&#8221;0&#8243; overlay_strength=&#8221;0.95&#8243; gradient_direction=&#8221;left_to_right&#8221; shape_divider_position=&#8221;bottom&#8221; bg_image_animation=&#8221;none&#8221;&#8230;<\/p>\n","protected":false},"author":1,"featured_media":0,"parent":0,"menu_order":0,"comment_status":"closed","ping_status":"closed","template":"","meta":{"_editorskit_title_hidden":false,"_editorskit_reading_time":0,"_editorskit_is_block_options_detached":false,"_editorskit_block_options_position":"{}","footnotes":""},"class_list":["post-2960","page","type-page","status-publish"],"yoast_head":"<!-- This site is optimized with the Yoast SEO plugin v26.8 - https:\/\/yoast.com\/product\/yoast-seo-wordpress\/ -->\n<title>Strat\u00e9gie r\u00e9gionale en \u00e9conomie circulaire - Synergie \u00c9conomique Laurentides<\/title>\n<meta name=\"robots\" content=\"index, follow, max-snippet:-1, max-image-preview:large, max-video-preview:-1\" \/>\n<link rel=\"canonical\" href=\"https:\/\/synergielaurentides.ca\/en\/strategie-regionale-en-economie-circulaire\/\" \/>\n<meta property=\"og:locale\" content=\"en_US\" \/>\n<meta property=\"og:type\" content=\"article\" \/>\n<meta property=\"og:title\" content=\"Strat\u00e9gie r\u00e9gionale en \u00e9conomie circulaire - Synergie \u00c9conomique Laurentides\" \/>\n<meta property=\"og:description\" content=\"[vc_row type=&#8221;full_width_background&#8221; full_screen_row_position=&#8221;middle&#8221; column_margin=&#8221;default&#8221; equal_height=&#8221;yes&#8221; column_direction=&#8221;default&#8221; column_direction_tablet=&#8221;default&#8221; column_direction_phone=&#8221;default&#8221; bg_image=&#8221;1868&#8243; bg_position=&#8221;center center&#8221; background_image_loading=&#8221;default&#8221; bg_repeat=&#8221;no-repeat&#8221; scene_position=&#8221;center&#8221; top_padding=&#8221;10%&#8221; constrain_group_1=&#8221;yes&#8221; bottom_padding=&#8221;10%&#8221; top_padding_tablet=&#8221;20%&#8221; bottom_padding_tablet=&#8221;25%&#8221; text_color=&#8221;light&#8221; text_align=&#8221;left&#8221; row_border_radius=&#8221;none&#8221; row_border_radius_applies=&#8221;bg&#8221; overflow=&#8221;visible&#8221; color_overlay=&#8221;rgba(0,0,0,0.73)&#8221; advanced_gradient_angle=&#8221;0&#8243; overlay_strength=&#8221;0.95&#8243; gradient_direction=&#8221;left_to_right&#8221; shape_divider_position=&#8221;bottom&#8221; bg_image_animation=&#8221;none&#8221;...\" \/>\n<meta property=\"og:url\" content=\"https:\/\/synergielaurentides.ca\/en\/strategie-regionale-en-economie-circulaire\/\" \/>\n<meta property=\"og:site_name\" content=\"Synergie \u00c9conomique Laurentides\" \/>\n<meta property=\"article:publisher\" content=\"https:\/\/www.facebook.com\/SynergieLaurentides\" \/>\n<meta property=\"article:modified_time\" content=\"2022-11-09T22:10:26+00:00\" \/>\n<meta name=\"twitter:card\" content=\"summary_large_image\" \/>\n<meta name=\"twitter:label1\" content=\"Est. reading time\" \/>\n\t<meta name=\"twitter:data1\" content=\"2 minutes\" \/>\n<script type=\"application\/ld+json\" class=\"yoast-schema-graph\">{\"@context\":\"https:\/\/schema.org\",\"@graph\":[{\"@type\":\"WebPage\",\"@id\":\"https:\/\/synergielaurentides.ca\/en\/strategie-regionale-en-economie-circulaire\/\",\"url\":\"https:\/\/synergielaurentides.ca\/en\/strategie-regionale-en-economie-circulaire\/\",\"name\":\"Strat\u00e9gie r\u00e9gionale en \u00e9conomie circulaire - Synergie \u00c9conomique Laurentides\",\"isPartOf\":{\"@id\":\"https:\/\/synergielaurentides.ca\/en\/#website\"},\"datePublished\":\"2022-10-06T13:18:49+00:00\",\"dateModified\":\"2022-11-09T22:10:26+00:00\",\"breadcrumb\":{\"@id\":\"https:\/\/synergielaurentides.ca\/en\/strategie-regionale-en-economie-circulaire\/#breadcrumb\"},\"inLanguage\":\"en-US\",\"potentialAction\":[{\"@type\":\"ReadAction\",\"target\":[\"https:\/\/synergielaurentides.ca\/en\/strategie-regionale-en-economie-circulaire\/\"]}]},{\"@type\":\"BreadcrumbList\",\"@id\":\"https:\/\/synergielaurentides.ca\/en\/strategie-regionale-en-economie-circulaire\/#breadcrumb\",\"itemListElement\":[{\"@type\":\"ListItem\",\"position\":1,\"name\":\"Accueil\",\"item\":\"https:\/\/synergielaurentides.ca\/en\/\"},{\"@type\":\"ListItem\",\"position\":2,\"name\":\"Strat\u00e9gie r\u00e9gionale en \u00e9conomie circulaire\"}]},{\"@type\":\"WebSite\",\"@id\":\"https:\/\/synergielaurentides.ca\/en\/#website\",\"url\":\"https:\/\/synergielaurentides.ca\/en\/\",\"name\":\"Synergie \u00c9conomique Laurentides\",\"description\":\"Penser autrement, agir maintenant\",\"publisher\":{\"@id\":\"https:\/\/synergielaurentides.ca\/en\/#organization\"},\"potentialAction\":[{\"@type\":\"SearchAction\",\"target\":{\"@type\":\"EntryPoint\",\"urlTemplate\":\"https:\/\/synergielaurentides.ca\/en\/?s={search_term_string}\"},\"query-input\":{\"@type\":\"PropertyValueSpecification\",\"valueRequired\":true,\"valueName\":\"search_term_string\"}}],\"inLanguage\":\"en-US\"},{\"@type\":\"Organization\",\"@id\":\"https:\/\/synergielaurentides.ca\/en\/#organization\",\"name\":\"Synergie \u00c9conomique Laurentides\",\"url\":\"https:\/\/synergielaurentides.ca\/en\/\",\"logo\":{\"@type\":\"ImageObject\",\"inLanguage\":\"en-US\",\"@id\":\"https:\/\/synergielaurentides.ca\/en\/#\/schema\/logo\/image\/\",\"url\":\"https:\/\/synergielaurentides.ca\/wp-content\/uploads\/2022\/09\/Synergie-Logo-coul.png\",\"contentUrl\":\"https:\/\/synergielaurentides.ca\/wp-content\/uploads\/2022\/09\/Synergie-Logo-coul.png\",\"width\":306,\"height\":123,\"caption\":\"Synergie \u00c9conomique Laurentides\"},\"image\":{\"@id\":\"https:\/\/synergielaurentides.ca\/en\/#\/schema\/logo\/image\/\"},\"sameAs\":[\"https:\/\/www.facebook.com\/SynergieLaurentides\",\"https:\/\/ca.linkedin.com\/company\/synergie-laurentides\",\"https:\/\/www.youtube.com\/channel\/UCnQhsIAfKoI3Gh_hh1RLjjg\"]}]}<\/script>\n<!-- \/ Yoast SEO plugin. -->","yoast_head_json":{"title":"Strat\u00e9gie r\u00e9gionale en \u00e9conomie circulaire - Synergie \u00c9conomique Laurentides","robots":{"index":"index","follow":"follow","max-snippet":"max-snippet:-1","max-image-preview":"max-image-preview:large","max-video-preview":"max-video-preview:-1"},"canonical":"https:\/\/synergielaurentides.ca\/en\/strategie-regionale-en-economie-circulaire\/","og_locale":"en_US","og_type":"article","og_title":"Strat\u00e9gie r\u00e9gionale en \u00e9conomie circulaire - Synergie \u00c9conomique Laurentides","og_description":"[vc_row type=&#8221;full_width_background&#8221; full_screen_row_position=&#8221;middle&#8221; column_margin=&#8221;default&#8221; equal_height=&#8221;yes&#8221; column_direction=&#8221;default&#8221; column_direction_tablet=&#8221;default&#8221; column_direction_phone=&#8221;default&#8221; bg_image=&#8221;1868&#8243; bg_position=&#8221;center center&#8221; background_image_loading=&#8221;default&#8221; bg_repeat=&#8221;no-repeat&#8221; scene_position=&#8221;center&#8221; top_padding=&#8221;10%&#8221; constrain_group_1=&#8221;yes&#8221; bottom_padding=&#8221;10%&#8221; top_padding_tablet=&#8221;20%&#8221; bottom_padding_tablet=&#8221;25%&#8221; text_color=&#8221;light&#8221; text_align=&#8221;left&#8221; row_border_radius=&#8221;none&#8221; row_border_radius_applies=&#8221;bg&#8221; overflow=&#8221;visible&#8221; color_overlay=&#8221;rgba(0,0,0,0.73)&#8221; advanced_gradient_angle=&#8221;0&#8243; overlay_strength=&#8221;0.95&#8243; gradient_direction=&#8221;left_to_right&#8221; shape_divider_position=&#8221;bottom&#8221; bg_image_animation=&#8221;none&#8221;...","og_url":"https:\/\/synergielaurentides.ca\/en\/strategie-regionale-en-economie-circulaire\/","og_site_name":"Synergie \u00c9conomique Laurentides","article_publisher":"https:\/\/www.facebook.com\/SynergieLaurentides","article_modified_time":"2022-11-09T22:10:26+00:00","twitter_card":"summary_large_image","twitter_misc":{"Est. reading time":"2 minutes"},"schema":{"@context":"https:\/\/schema.org","@graph":[{"@type":"WebPage","@id":"https:\/\/synergielaurentides.ca\/en\/strategie-regionale-en-economie-circulaire\/","url":"https:\/\/synergielaurentides.ca\/en\/strategie-regionale-en-economie-circulaire\/","name":"Strat\u00e9gie r\u00e9gionale en \u00e9conomie circulaire - Synergie \u00c9conomique Laurentides","isPartOf":{"@id":"https:\/\/synergielaurentides.ca\/en\/#website"},"datePublished":"2022-10-06T13:18:49+00:00","dateModified":"2022-11-09T22:10:26+00:00","breadcrumb":{"@id":"https:\/\/synergielaurentides.ca\/en\/strategie-regionale-en-economie-circulaire\/#breadcrumb"},"inLanguage":"en-US","potentialAction":[{"@type":"ReadAction","target":["https:\/\/synergielaurentides.ca\/en\/strategie-regionale-en-economie-circulaire\/"]}]},{"@type":"BreadcrumbList","@id":"https:\/\/synergielaurentides.ca\/en\/strategie-regionale-en-economie-circulaire\/#breadcrumb","itemListElement":[{"@type":"ListItem","position":1,"name":"Accueil","item":"https:\/\/synergielaurentides.ca\/en\/"},{"@type":"ListItem","position":2,"name":"Strat\u00e9gie r\u00e9gionale en \u00e9conomie circulaire"}]},{"@type":"WebSite","@id":"https:\/\/synergielaurentides.ca\/en\/#website","url":"https:\/\/synergielaurentides.ca\/en\/","name":"Synergie \u00c9conomique Laurentides","description":"Penser autrement, agir maintenant","publisher":{"@id":"https:\/\/synergielaurentides.ca\/en\/#organization"},"potentialAction":[{"@type":"SearchAction","target":{"@type":"EntryPoint","urlTemplate":"https:\/\/synergielaurentides.ca\/en\/?s={search_term_string}"},"query-input":{"@type":"PropertyValueSpecification","valueRequired":true,"valueName":"search_term_string"}}],"inLanguage":"en-US"},{"@type":"Organization","@id":"https:\/\/synergielaurentides.ca\/en\/#organization","name":"Synergie \u00c9conomique Laurentides","url":"https:\/\/synergielaurentides.ca\/en\/","logo":{"@type":"ImageObject","inLanguage":"en-US","@id":"https:\/\/synergielaurentides.ca\/en\/#\/schema\/logo\/image\/","url":"https:\/\/synergielaurentides.ca\/wp-content\/uploads\/2022\/09\/Synergie-Logo-coul.png","contentUrl":"https:\/\/synergielaurentides.ca\/wp-content\/uploads\/2022\/09\/Synergie-Logo-coul.png","width":306,"height":123,"caption":"Synergie \u00c9conomique Laurentides"},"image":{"@id":"https:\/\/synergielaurentides.ca\/en\/#\/schema\/logo\/image\/"},"sameAs":["https:\/\/www.facebook.com\/SynergieLaurentides","https:\/\/ca.linkedin.com\/company\/synergie-laurentides","https:\/\/www.youtube.com\/channel\/UCnQhsIAfKoI3Gh_hh1RLjjg"]}]}},"_links":{"self":[{"href":"https:\/\/synergielaurentides.ca\/en\/wp-json\/wp\/v2\/pages\/2960","targetHints":{"allow":["GET"]}}],"collection":[{"href":"https:\/\/synergielaurentides.ca\/en\/wp-json\/wp\/v2\/pages"}],"about":[{"href":"https:\/\/synergielaurentides.ca\/en\/wp-json\/wp\/v2\/types\/page"}],"author":[{"embeddable":true,"href":"https:\/\/synergielaurentides.ca\/en\/wp-json\/wp\/v2\/users\/1"}],"replies":[{"embeddable":true,"href":"https:\/\/synergielaurentides.ca\/en\/wp-json\/wp\/v2\/comments?post=2960"}],"version-history":[{"count":3,"href":"https:\/\/synergielaurentides.ca\/en\/wp-json\/wp\/v2\/pages\/2960\/revisions"}],"predecessor-version":[{"id":2965,"href":"https:\/\/synergielaurentides.ca\/en\/wp-json\/wp\/v2\/pages\/2960\/revisions\/2965"}],"wp:attachment":[{"href":"https:\/\/synergielaurentides.ca\/en\/wp-json\/wp\/v2\/media?parent=2960"}],"curies":[{"name":"wp","href":"https:\/\/api.w.org\/{rel}","templated":true}]}}